{"id":5,"date":"2021-04-21T16:29:22","date_gmt":"2021-04-21T16:29:22","guid":{"rendered":"https:\/\/scapture.com\/?page_id=5"},"modified":"2025-06-12T19:12:21","modified_gmt":"2025-06-12T19:12:21","slug":"creez-votre-site-avec-des-blocs__trashed","status":"publish","type":"page","link":"https:\/\/scapture.com\/","title":{"rendered":"&#8230;mais le web continue !"},"content":{"rendered":"\n<div class=\"wp-block-columns alignwide are-vertically-aligned-top is-layout-flex wp-container-core-columns-layout-1 wp-block-columns-is-layout-flex\">\n<div class=\"wp-block-column is-vertically-aligned-top is-layout-flow wp-block-column-is-layout-flow\">\n<h3 class=\"wp-block-heading\">Scapture<\/h3>\n\n\n\n<p>Scapture \u00e9tait un service de capture d&rsquo;\u00e9cran fran\u00e7ais tr\u00e8s utilis\u00e9 dans les ann\u00e9es 2000\/2010. Il est aujourd&rsquo;hui ferm\u00e9.<\/p>\n\n\n\n<p>Scapture permettait d&rsquo;obtenir en quelques secondes une capture d&rsquo;\u00e9cran d&rsquo;un site sous de nombreux navigateurs web fonctionnant sur Linux : Firefox, Dillo, Konqueror ou encore Opera. Il y avait m\u00eame possibilit\u00e9 d&rsquo;obtenir une capture en mode texte avec les navigateurs Links et Lynx ! <\/p>\n\n\n\n<p>Ce service \u00e9tait bien utile lorsque la prise en charge d&rsquo;HTML et CSS diff\u00e9rait encore grandement d&rsquo;un navigateur \u00e0 l&rsquo;autre. Aujourd&rsquo;hui, les moteurs de rendu de Chrome, Edge (Blink), Safari (Webkit) et Firefox ont fait d&rsquo;\u00e9norme progr\u00e8s. Il n&rsquo;est pas aussi n\u00e9cessaire qu&rsquo;avant de v\u00e9rifier l&rsquo;apparence de ses cr\u00e9ations dans chaque moteur de rendu. On peut faire davantage confiance \u00e0 la bonne impl\u00e9mentation des standards du web qu&rsquo;\u00e0 l&rsquo;\u00e9poque o\u00f9 Internet Explorer \u00e9tait encore leader du domaine.<\/p>\n<\/div>\n\n\n\n<div class=\"wp-block-column is-vertically-aligned-top is-layout-flow wp-block-column-is-layout-flow\">\n<h3 class=\"wp-block-heading\">Alyze<\/h3>\n\n\n\n<p>L&rsquo;auteur de ce service est aussi le cr\u00e9ateur d&rsquo;Alyze <a href=\"https:\/\/alyze.info\" data-type=\"URL\" data-id=\"https:\/\/alyze.info\">une plateforme d&rsquo;audit SEO<\/a> (aussi disponible en anglais sur <a href=\"https:\/\/alyze.co\/\" data-type=\"link\" data-id=\"https:\/\/alyze.co\/\">alyze.co<\/a>). Elle se compose :<\/p>\n\n\n\n<ul>\n<li>D&rsquo;un analyseur de pages orient\u00e9 SEO avec notamment :\n<ul>\n<li>Classement des mots-cl\u00e9s en fonction de leur poids sur la page<\/li>\n\n\n\n<li>Audit des points les plus important en SEO (plus de 50 au total)<\/li>\n\n\n\n<li>Un navigateur de page SEO pour visualiser l&rsquo;arborescence d&rsquo;une page, un aper\u00e7u des SERP Google.<\/li>\n\n\n\n<li>Une <a href=\"https:\/\/chrome.google.com\/webstore\/detail\/alyze-seo-analysis-tool\/ggjbjncmgcioekpfonpoiejojjlicehl\" data-type=\"URL\" data-id=\"https:\/\/chrome.google.com\/webstore\/detail\/alyze-seo-analysis-tool\/ggjbjncmgcioekpfonpoiejojjlicehl\" target=\"_blank\" rel=\"noreferrer noopener\">extension Chrome<\/a> est \u00e9galement mise \u00e0 disposition afin d&rsquo;auditer en un simple clic n&rsquo;importe quelle page visit\u00e9e.<\/li>\n<\/ul>\n<\/li>\n\n\n\n<li>Un crawler SEO pour v\u00e9rifier tr\u00e8s rapidement l&rsquo;optimisation d&rsquo;un site entier. Il permet de visualiser toutes les pages d&rsquo;un site et de rep\u00e9rer rapidement les probl\u00e8mes : erreur 404, pages au contenu insuffisant, erreur SEO (absence de meta description, pas de titres hi\u00e9rarchiques, etc.).<\/li>\n\n\n\n<li>Un analyseur de SERP mettant en relation le contenu de la page et l&rsquo;intention de recherche d\u00e9tect\u00e9 par Google.<\/li>\n\n\n\n<li>Un comparateur de pages mettant en avant les diff\u00e9rents \u00ab\u00a0points chauds\u00a0\u00bb de la page<\/li>\n\n\n\n<li>Une API compl\u00e8te renvoyant une analyse de page compl\u00e8te en JSON.<\/li>\n\n\n\n<li>Et divers outils tous orient\u00e9s vers l&rsquo;optimisation du r\u00e9f\u00e9rencement.<\/li>\n<\/ul>\n<\/div>\n\n\n\n<div class=\"wp-block-column is-vertically-aligned-top is-layout-flow wp-block-column-is-layout-flow\">\n<h3 class=\"wp-block-heading\">\u00c0 propos<\/h3>\n\n\n\n<p>L&rsquo;auteur de ces services est <a href=\"https:\/\/atourette.fr\">Alexandre Tourette<\/a>.<\/p>\n\n\n\n<p>Enti\u00e8rement autodidacte dans le domaine du web, mes cr\u00e9ations sur le web sont avant tout le fruit d&rsquo;une passion. <\/p>\n\n\n\n<p>Je suis particuli\u00e8rement attach\u00e9 \u00e0 un web ouvert. Il y a pour moi une sorte de continuit\u00e9 entre Scapture et Alyze. Alors que v\u00e9rifier l&rsquo;apparence d&rsquo;un site a perdu de son int\u00e9r\u00eat du fait des progr\u00e8s des divers navigateur, son optimisation pour le r\u00e9f\u00e9rencement est devenue une pr\u00e9occupation pour quiconque veut \u00eatre pr\u00e9sent sur le web.<\/p>\n\n\n\n<p>Le SEO, malgr\u00e9 la mauvaise presse qu&rsquo;on lui fait parfois, est l&rsquo;un des pi\u00e8ces de ce web ouvert. \u00ab\u00a0Parler\u00a0\u00bb \u00e0 un moteur de recherche, c&rsquo;est s&rsquo;exprimer dans un langage qui est compris par Google, mais \u00e9galement par tous les autres acteurs (\u00e0 commencer par les navigateurs web que nous utilisons tous !). \u00c7a permet de donner sa chance \u00e0 des acteurs de toute taille, y compris les plus modeste ! Tout le contraire d&rsquo;un web ferm\u00e9 \u00e0 base d&rsquo;application ou de r\u00e9seau sociaux peu ouverts sur l&rsquo;ext\u00e9rieur. <\/p>\n<\/div>\n<\/div>\n\n\n\n<figure class=\"wp-block-image alignwide size-large\"><img loading=\"lazy\" decoding=\"async\" width=\"1024\" height=\"327\" src=\"https:\/\/scapture.com\/wp-content\/uploads\/2021\/04\/image-1024x327.png\" alt=\"scapture.com\" class=\"wp-image-37\" srcset=\"https:\/\/scapture.com\/wp-content\/uploads\/2021\/04\/image-1024x327.png 1024w, https:\/\/scapture.com\/wp-content\/uploads\/2021\/04\/image-300x96.png 300w, https:\/\/scapture.com\/wp-content\/uploads\/2021\/04\/image-768x245.png 768w, https:\/\/scapture.com\/wp-content\/uploads\/2021\/04\/image.png 1432w\" sizes=\"(max-width: 1024px) 100vw, 1024px\" \/><figcaption class=\"wp-element-caption\">Capture d&rsquo;\u00e9cran du service de captures d&rsquo;\u00e9cran \u00e0 la grande \u00e9poque (2012) \ud83d\ude42<\/figcaption><\/figure>\n\n\n\n<p><\/p>\n","protected":false},"excerpt":{"rendered":"<p>Scapture Scapture \u00e9tait un service de capture d&rsquo;\u00e9cran fran\u00e7ais tr\u00e8s utilis\u00e9 dans les ann\u00e9es 2000\/2010. Il est aujourd&rsquo;hui ferm\u00e9. Scapture permettait d&rsquo;obtenir en quelques secondes une capture d&rsquo;\u00e9cran d&rsquo;un site sous de nombreux navigateurs web fonctionnant sur Linux : Firefox, Dillo, Konqueror ou encore Opera. Il y avait m\u00eame possibilit\u00e9 d&rsquo;obtenir une capture en mode &hellip; <\/p>\n<p class=\"link-more\"><a href=\"https:\/\/scapture.com\/\" class=\"more-link\">Continuer la lecture <span class=\"screen-reader-text\"> \u00ab\u00a0&#8230;mais le web continue !\u00a0\u00bb<\/span><\/a><\/p>\n","protected":false},"author":1,"featured_media":0,"parent":0,"menu_order":0,"comment_status":"closed","ping_status":"closed","template":"","meta":{"footnotes":""},"_links":{"self":[{"href":"https:\/\/scapture.com\/index.php?rest_route=\/wp\/v2\/pages\/5"}],"collection":[{"href":"https:\/\/scapture.com\/index.php?rest_route=\/wp\/v2\/pages"}],"about":[{"href":"https:\/\/scapture.com\/index.php?rest_route=\/wp\/v2\/types\/page"}],"author":[{"embeddable":true,"href":"https:\/\/scapture.com\/index.php?rest_route=\/wp\/v2\/users\/1"}],"replies":[{"embeddable":true,"href":"https:\/\/scapture.com\/index.php?rest_route=%2Fwp%2Fv2%2Fcomments&post=5"}],"version-history":[{"count":28,"href":"https:\/\/scapture.com\/index.php?rest_route=\/wp\/v2\/pages\/5\/revisions"}],"predecessor-version":[{"id":79,"href":"https:\/\/scapture.com\/index.php?rest_route=\/wp\/v2\/pages\/5\/revisions\/79"}],"wp:attachment":[{"href":"https:\/\/scapture.com\/index.php?rest_route=%2Fwp%2Fv2%2Fmedia&parent=5"}],"curies":[{"name":"wp","href":"https:\/\/api.w.org\/{rel}","templated":true}]}}